{"id":3010,"date":"2019-01-29T20:52:59","date_gmt":"2019-01-29T19:52:59","guid":{"rendered":"https:\/\/www.llamptech.com\/politique-de-cookies\/"},"modified":"2019-03-29T06:44:59","modified_gmt":"2019-03-29T05:44:59","slug":"cookies-policy","status":"publish","type":"page","link":"https:\/\/www.llamptech.com\/en\/cookies-policy\/","title":{"rendered":"Cookies Policy"},"content":{"rendered":"<p><strong>Derni\u00e8re mise \u00e0 jour :<\/strong> Vendredi 23 mai 2018<\/p>\n<p><strong>Politique De Cookies<\/strong> &#8211; <strong>LLAMPTECH.com<\/strong><\/p>\n<p>\u00c0 propos des cookies sur ce site :<strong> https:\/\/www.llamptech.com<\/strong><\/p>\n<p>Ce site utilise des cookies pour la publicit\u00e9, la fonctionnalit\u00e9 et l&#8217;analyse, comme d\u00e9crit dans notre avis sur les cookies et les technologies similaires. Pour voir les cookies que nous utilisons et d\u00e9finir vos pr\u00e9f\u00e9rences, consultez notre outil de consentement de cookies. En poursuivant votre navigation sur ce site, vous acceptez l&#8217;utilisation de cookies<\/p>\n<p>Les sites Web de <strong>LLAMPTECH.com<\/strong> o\u00a0<strong>https:\/\/www.llamptech.com<\/strong>, les services en ligne utilis\u00e9s, les applications interactives, les messages \u00e9lectroniques et les publicit\u00e9s peuvent utiliser des \u00abcookies\u00bb et d&#8217;autres technologies, comme \u00e9tiquettes de pixel et de balises web.<\/p>\n<p>Ces technologies nous aident \u00e0 mieux comprendre le comportement des utilisateurs, \u00e0 nous dire quelles parties de nos sites Web ont visit\u00e9s et \u00e0 faciliter et mesurer l&#8217;efficacit\u00e9 des publicit\u00e9s et des recherches sur le Web. Nous traitons les informations collect\u00e9es par les cookies et autres technologies comme des informations non personnelles.<\/p>\n<p>N\u00e9anmoins, dans la mesure o\u00f9 les lois sur le protocole Internet (IP) ou les identificateurs similaires sont consid\u00e9r\u00e9s comme des informations personnelles en vertu de la l\u00e9gislation locale, nous traitons \u00e9galement ces identifiants comme des informations personnelles.<\/p>\n<p><strong>COOKIES <\/strong><\/p>\n<p>Nous pouvons collecter des informations \u00e0 travers des &#8220;cookies&#8221;. Les cookies sont de petits fichiers de donn\u00e9es stock\u00e9s sur le disque dur de votre ordinateur ou appareil mobile \u00e0 travers une page Web.\u00a0Nous pouvons utiliser \u00e0 la fois des cookies de session (qui expirent une fois que vous fermez votre navigateur) et des cookies persistants (qui restent sur votre ordinateur ou votre appareil mobile jusqu&#8217;\u00e0 ce que vous les supprimiez) pour vous offrir une exp\u00e9rience plus personnelle et interactive sur notre site.<\/p>\n<p>Les informations fournies ci-dessous vous aidera \u00e0 comprendre les diff\u00e9rents types de cookies:<\/p>\n<p>&nbsp;<\/p>\n<table width=\"100%\">\n<tbody>\n<tr>\n<td colspan=\"3\" width=\"100%\"><strong>TYPES DE COOKIES<\/strong><\/td>\n<\/tr>\n<tr>\n<td rowspan=\"2\" width=\"30%\">SELON G\u00c9RER L&#8217;ENTIT\u00c9<\/td>\n<td width=\"30%\">Propres cookies<\/td>\n<td width=\"40%\">Sont celles recueillies par l&#8217;\u00e9diteur lui-m\u00eame pour fournir le service demand\u00e9 par l&#8217;utilisateur.<\/td>\n<\/tr>\n<tr>\n<td width=\"30%\">Cookies tiers<\/td>\n<td width=\"40%\">Sont celles qui sont collect\u00e9es et g\u00e9r\u00e9es par un tiers, ceux-ci ne peuvent pas \u00eatre consid\u00e9r\u00e9s comme propres.<\/td>\n<\/tr>\n<tr>\n<td rowspan=\"2\" width=\"30%\">TOUT COMME DANS DEMEURANT TEMPS ACTIVATED<\/td>\n<td width=\"30%\">Les cookies de session<\/td>\n<td width=\"40%\">Recueillir des donn\u00e9es pendant que l&#8217;utilisateur navigue sur le r\u00e9seau afin de fournir le service demand\u00e9.<\/td>\n<\/tr>\n<tr>\n<td width=\"30%\">Cookies persistants<\/td>\n<td width=\"40%\">Ils sont stock\u00e9s dans le terminal et les informations obtenues seront utilis\u00e9es par la t\u00eate du cookie afin de fournir le service demand\u00e9.<\/td>\n<\/tr>\n<tr>\n<td rowspan=\"5\" width=\"30%\">CONTRE BUT<\/td>\n<td width=\"30%\">Les cookies techniques<\/td>\n<td width=\"40%\">Ils sont n\u00e9cessaires pour la navigation web appropri\u00e9e.<\/td>\n<\/tr>\n<tr>\n<td width=\"30%\">Personnalisation des cookies<\/td>\n<td width=\"40%\">Autoriser les caract\u00e9ristiques de l&#8217;utilisateur (langue) pour la navigation sur le site<\/td>\n<\/tr>\n<tr>\n<td width=\"30%\">Analyse des cookies<\/td>\n<td width=\"40%\">Autoriser le fournisseur d&#8217;analyse li\u00e9e \u00e0 la navigation par l&#8217;utilisateur, afin de garder une trace d&#8217;utilisation du site Web et faire des statistiques sur le contenu le plus visit\u00e9, le nombre de visiteurs, etc.<\/td>\n<\/tr>\n<tr>\n<td width=\"30%\">Cookies publicitaires<\/td>\n<td width=\"40%\">Permettre \u00e0 l&#8217;\u00e9diteur d&#8217;inclure dans l&#8217;espace publicitaire web, en fonction du contenu du site.<\/td>\n<\/tr>\n<tr>\n<td width=\"30%\">Les cookies de publicit\u00e9 comportementale<\/td>\n<td width=\"40%\">Permettre \u00e0 l&#8217;\u00e9diteur d&#8217;inclure sur l&#8217;espace publicitaire d&#8217;un site Web bas\u00e9 sur des informations obtenues par les habitudes de navigation de l&#8217;utilisateur.<\/td>\n<\/tr>\n<\/tbody>\n<\/table>\n<p>&nbsp;<\/p>\n<p>Conform\u00e9ment \u00e0 l&#8217;article 22.2 de la Ley 34\/2002, du 11 Juillet, Services soci\u00e9t\u00e9 de l&#8217;information et le commerce \u00e9lectronique (LSSI-CE),<strong> llamptech.com <\/strong>rapports les cookies utilis\u00e9s sur notre site Web:<\/p>\n<p>&nbsp;<\/p>\n<table width=\"100%\">\n<tbody>\n<tr>\n<td width=\"50%\"><strong>OBJET<\/strong><\/td>\n<td colspan=\"3\"><strong>TYPES DE COOKIES <\/strong><\/td>\n<\/tr>\n<tr>\n<td><\/td>\n<td>\n<p style=\"text-align: center;\">Cookies propres<\/p>\n<\/td>\n<td style=\"text-align: center;\">Cookies tiers<\/td>\n<td>\n<p style=\"text-align: center;\">Cookies session<\/p>\n<\/td>\n<\/tr>\n<tr>\n<td>Cookies techniques<\/td>\n<td>\n<p style=\"text-align: center;\">X<\/p>\n<\/td>\n<td><\/td>\n<td><\/td>\n<\/tr>\n<tr>\n<td>Cookies Personnalisation<\/td>\n<td>\n<p style=\"text-align: center;\">X<\/p>\n<\/td>\n<td><\/td>\n<td><\/td>\n<\/tr>\n<tr>\n<td>Cookies Analyse<\/td>\n<td><\/td>\n<td>\n<p style=\"text-align: center;\">X<\/p>\n<\/td>\n<td><\/td>\n<\/tr>\n<tr>\n<td>Les cookies de publicit\u00e9 comportementale<\/td>\n<td><\/td>\n<td><\/td>\n<td><\/td>\n<\/tr>\n<\/tbody>\n<\/table>\n<p>&nbsp;<\/p>\n<p><strong>llamptech.com <\/strong>utilise les cookies propres (techniques) n\u00e9cessaires pour:<\/p>\n<ul>\n<li>navigation sur votre site. (Cookie utilis\u00e9 -nombreAleatorio)<\/li>\n<li>message de contr\u00f4le d&#8217;accepter les cookies &#8211; Avis (Cookie utilis\u00e9 &#8211; Cookie_ue)<\/li>\n<\/ul>\n<p>Il utilise \u00e9galement les cookies tiers :<\/p>\n<ul>\n<li>Pour le comportement d&#8217;analyse parcourant votre site web par les utilisateurs (vous obtenez des donn\u00e9es telles que: nombre de visiteurs, la dur\u00e9e des visites, pages vues, mots-cl\u00e9s utilis\u00e9s pour trouver votre site, etc &#8230;) en aucun cas, on obtient aucune donn\u00e9e personnelle des utilisateurs. (Cookies utilis\u00e9s &#8211; _ga, _gid, _gat,)<\/li>\n<\/ul>\n<p>Les cookies d&#8217;analyse sur cette page sont fournis par le service Google Analytics propri\u00e9t\u00e9 de Google Inc.<\/p>\n<p><a href=\"https:\/\/developers.google.com\/analytics\/devguides\/collection\/analyticsjs\/cookie-usage\">https:\/\/developers.google.com\/analytics\/devguides\/collection\/analyticsjs\/cookie-usage<\/a><\/p>\n<p>En outre, <strong>llamptech.com<\/strong> informe l&#8217;utilisateur qui a la possibilit\u00e9 de configurer votre navigateur pour \u00eatre inform\u00e9 de la r\u00e9ception des cookies, et peut, si on le souhaite, les emp\u00eacher d&#8217;\u00eatre install\u00e9 sur votre disque dur.<\/p>\n<p>De m\u00eame, dans la mesure o\u00f9 des renseignements non personnels sont combin\u00e9s avec des renseignements personnels, nous traitons les informations combin\u00e9es comme des informations personnelles aux fins de cette politique de confidentialit\u00e9.<\/p>\n<p>Si vous activez Limiter le suivi des annonces sur votre appareil mobile, les applications tierces ne peuvent pas utiliser l&#8217;identifiant de publicit\u00e9, un identifiant d&#8217;appareil non personnel, pour vous proposer des annonces cibl\u00e9es. Vous pouvez toujours voir des annonces dans l&#8217;application ou le magasin de nouvelles en fonction du contexte, tel que votre requ\u00eate de recherche ou la cha\u00eene que vous lisez. Dans les applications tierces, vous pouvez voir des annonces bas\u00e9es sur d&#8217;autres informations.<\/p>\n<p>Si vous souhaitez d\u00e9sactiver les cookies et que vous utilisez le navigateur Web de Safari, acc\u00e9dez aux pr\u00e9f\u00e9rences de Safari, puis au panneau de confidentialit\u00e9 pour g\u00e9rer vos pr\u00e9f\u00e9rences. Sur l&#8217;appareil mobile de votre entreprise, acc\u00e9dez \u00e0 Param\u00e8tres, puis \u00e0 Safari, acc\u00e9dez \u00e0 la section Confidentialit\u00e9 et s\u00e9curit\u00e9, puis appuyez sur &#8220;Bloquer les cookies&#8221; pour g\u00e9rer vos pr\u00e9f\u00e9rences. Pour les autres navigateurs, v\u00e9rifiez avec votre fournisseur pour savoir comment d\u00e9sactiver les cookies. Veuillez noter que certaines fonctionnalit\u00e9s du site Web de la Soci\u00e9t\u00e9 ne seront pas disponibles une fois que les cookies seront d\u00e9sactiv\u00e9s.<\/p>\n<p>Comme avec la plupart des services Internet, nous recueillons automatiquement certaines informations et les stockons dans des fichiers journaux. Ces informations incluent les adresses IP (Internet Protocol), le type et la langue du navigateur, le fournisseur d&#8217;acc\u00e8s Internet (ISP), les sites et applications de r\u00e9f\u00e9rence et de sortie, le syst\u00e8me d&#8217;exploitation, timbre de date et heure et les s\u00e9quences de clics.<\/p>\n<p>Nous utilisons ces informations pour comprendre et analyser les tendances, administrer le site, conna\u00eetre le comportement des utilisateurs sur le site, am\u00e9liorer nos produits et services et recueillir des informations d\u00e9mographiques sur notre base d&#8217;utilisateurs en g\u00e9n\u00e9ral. La soci\u00e9t\u00e9 peut utiliser cette information dans nos services de marketing et de publicit\u00e9.<\/p>\n<p>Dans certains de nos emails, nous utilisons une \u00abURL de clic\u00bb li\u00e9e au contenu sur le site Web de la Soci\u00e9t\u00e9. Lorsque les clients cliquent sur l&#8217;une de ces URL, ils passent par un serveur Web diff\u00e9rent avant d&#8217;acc\u00e9der \u00e0 la page de destination sur notre site Web<\/p>\n<p>Nous suivons ces donn\u00e9es de clic pour nous aider \u00e0 d\u00e9terminer l&#8217;int\u00e9r\u00eat pour des probl\u00e8mes particuliers et mesurer l&#8217;efficacit\u00e9 des communications avec nos clients. Si vous pr\u00e9f\u00e9rez ne pas \u00eatre suivi de cette mani\u00e8re, vous ne devez pas cliquer sur les liens de texte ou les graphiques dans les courriers.<\/p>\n<p>Les \u00e9tiquettes de Pixel nous permettent d&#8217;envoyer des emails dans un format que les clients peuvent lire, et de nous dire si l&#8217;email a \u00e9t\u00e9 ouvert.<\/p>\n<p>Nous pouvons utiliser cette information pour r\u00e9duire ou \u00e9liminer les messages envoy\u00e9s aux clients.<\/p>\n<p><strong>Questions et commentaires<\/strong><\/p>\n<p><strong>LLAMPTECH<\/strong> aura le plaisir de r\u00e9pondre \u00e0 des demandes raisonnables de consultation de vos informations personnelles et d&#8217;ajuster, de modifier ou d&#8217;\u00e9liminer toute inexactitude.<\/p>\n<p>Si vous avez des questions ou des commentaires sur la politique de <strong>LLAMPTECH<\/strong><\/p>\n<p>Vous pouvez communiquer avec nous par \u00e9crit \u00e0: <strong>info@llamptech.com<\/strong><\/p>\n","protected":false},"excerpt":{"rendered":"<p>Derni\u00e8re mise \u00e0 jour : Vendredi 23 mai 2018 Politique De Cookies &#8211; LLAMPTECH.com \u00c0 propos  [&#8230;]<\/p>\n","protected":false},"author":1,"featured_media":0,"parent":0,"menu_order":0,"comment_status":"closed","ping_status":"closed","template":"","meta":{"footnotes":""},"class_list":["post-3010","page","type-page","status-publish","hentry"],"_links":{"self":[{"href":"https:\/\/www.llamptech.com\/en\/wp-json\/wp\/v2\/pages\/3010","targetHints":{"allow":["GET"]}}],"collection":[{"href":"https:\/\/www.llamptech.com\/en\/wp-json\/wp\/v2\/pages"}],"about":[{"href":"https:\/\/www.llamptech.com\/en\/wp-json\/wp\/v2\/types\/page"}],"author":[{"embeddable":true,"href":"https:\/\/www.llamptech.com\/en\/wp-json\/wp\/v2\/users\/1"}],"replies":[{"embeddable":true,"href":"https:\/\/www.llamptech.com\/en\/wp-json\/wp\/v2\/comments?post=3010"}],"version-history":[{"count":0,"href":"https:\/\/www.llamptech.com\/en\/wp-json\/wp\/v2\/pages\/3010\/revisions"}],"wp:attachment":[{"href":"https:\/\/www.llamptech.com\/en\/wp-json\/wp\/v2\/media?parent=3010"}],"curies":[{"name":"wp","href":"https:\/\/api.w.org\/{rel}","templated":true}]}}