{"id":3007,"date":"2019-01-29T20:51:26","date_gmt":"2019-01-29T19:51:26","guid":{"rendered":"https:\/\/www.llamptech.com\/politique-de-confidentialite\/"},"modified":"2019-01-29T21:15:14","modified_gmt":"2019-01-29T20:15:14","slug":"politica-de-confidencialidad","status":"publish","type":"page","link":"https:\/\/www.llamptech.com\/es\/politica-de-confidencialidad\/","title":{"rendered":"Pol\u00edtica de confidencialidad"},"content":{"rendered":"<p><strong>Derni\u00e8re mise \u00e0 jour :<\/strong> Vendredi 23 mai 2018<\/p>\n<p><strong>Politique De Confidentialit\u00e9 <\/strong><strong>\u2013 LLAMPTECH<\/strong><\/p>\n<p><strong>https:\/\/www.llamptech.com<\/strong><\/p>\n<p>Ce site <strong>https:\/\/www.llamptech.com <\/strong>a \u00e9t\u00e9 con\u00e7u et \u00e9dit\u00e9 avec le plus grand soin. N\u00e9anmoins, la pr\u00e9sence d&#8217;erreurs ne peut pas \u00eatre compl\u00e8tement exclue. <strong>LLAMPTECH<\/strong> n&#8217;assume aucune responsabilit\u00e9 pour toute information inexacte. Ni n&#8217;assume aucune responsabilit\u00e9 pour tout type de dommage, direct ou indirect, qui pourrait r\u00e9sulter de l&#8217;utilisation de ces informations.<\/p>\n<p>Il n&#8217;est pas possible de d\u00e9river un droit sur ce site ou de revendiquer son contenu. Si vous souhaitez utiliser les informations disponibles ici, vous devez d&#8217;abord obtenir le consentement de <strong>LLAMPTECH<\/strong> et v\u00e9rifier les conditions d&#8217;application.<\/p>\n<p>Le contenu de ce site est prot\u00e9g\u00e9 par le droit d&#8217;auteur. La copie ou la distribution totale ou partielle du site sans l&#8217;autorisation de <strong>LLAMPTECH<\/strong> est interdite.<\/p>\n<p>Si vous souhaitez utiliser les marques d\u00e9pos\u00e9es appartenant \u00e0 <strong>LLAMPTECH<\/strong> sous quelque forme que ce soit (texte, image, emballage, etc.), vous devez obtenir le consentement \u00e9crit pr\u00e9alable de <strong>LLAMPTECH<\/strong>.<\/p>\n<p><strong>LLAMPTECH<\/strong> n&#8217;est pas responsable de l&#8217;acc\u00e8s aux informations sur les sites Web \u00e0 travers les liens contenus dans son propre site Web.<\/p>\n<p>La copie du site est interdite. <strong>LLAMPTECH<\/strong> peut modifier, compl\u00e9ter ou supprimer \u00e0 tout moment, sans pr\u00e9avis, les informations mises \u00e0 disposition sur le site.<\/p>\n<p>Veuillez lire attentivement les informations suivantes pour comprendre nos pratiques concernant vos donn\u00e9es personnelles et la fa\u00e7on dont nous traiterons les donn\u00e9es.<\/p>\n<ol>\n<li><strong> Objet du traitement<\/strong><\/li>\n<\/ol>\n<p><strong>Quelles sont les donn\u00e9es personnelles?<\/strong><\/p>\n<p>Nous collectons des informations sur vous de diff\u00e9rentes mani\u00e8res, y compris des informations personnelles. Dans la pr\u00e9sente Politique, les \u00abdonn\u00e9es personnelles\u00bb sont d\u00e9finies dans le R\u00e8glement g\u00e9n\u00e9ral sur la protection des donn\u00e9es, ce qui inclut toute information que, seule ou en combinaison avec d&#8217;autres informations que nous traitons \u00e0 votre sujet, vous identifiez comme individu, y compris, par exemple, votre nom, votre adresse postale, votre adresse \u00e9lectronique et votre num\u00e9ro de t\u00e9l\u00e9phone.<\/p>\n<p><strong>Pourquoi avons-nous besoin de vos donn\u00e9es personnelles?<\/strong><\/p>\n<p>Seules vos donn\u00e9es personnelles seront trait\u00e9es conform\u00e9ment aux lois sur la protection des donn\u00e9es et de confidentialit\u00e9. Nous avons besoin de certaines informations personnelles pour vous permettre d&#8217;acc\u00e9der au site. Si vous vous \u00eates enregistr\u00e9 aupr\u00e8s de nous, il vous a \u00e9t\u00e9 demand\u00e9 de marquer un accord pour fournir ces informations afin d&#8217;acc\u00e9der \u00e0 nos services, acheter nos produits ou consulter notre contenu. Ce consentement nous fournit la base l\u00e9gale requise par la loi applicable pour traiter vos donn\u00e9es.<\/p>\n<p>Vous conservez le droit de retirer votre consentement \u00e0 tout moment. Si vous n&#8217;\u00eates pas d&#8217;accord avec notre utilisation de vos donn\u00e9es personnelles conform\u00e9ment \u00e0 cette politique, veuillez ne pas utiliser notre site.<\/p>\n<p><strong>2 &#8211; La collecte de vos donn\u00e9es personnelles<\/strong><\/p>\n<p>Nous recueillons des informations vous concernant de la mani\u00e8re suivante:<\/p>\n<p>Informations que vous nous autorisez. Cela inclut:<\/p>\n<ul>\n<li>Les informations personnelles que vous fournissez lors de votre inscription sur notre site, y compris votre nom, votre adresse postale, votre adresse e-mail, votre num\u00e9ro de t\u00e9l\u00e9phone, votre nom d&#8217;utilisateur, votre mot de passe et vos informations d\u00e9mographiques<\/li>\n<li>Les donn\u00e9es personnelles qui peuvent \u00eatre contenues dans une vid\u00e9o, un commentaire ou une autre pr\u00e9sentation que vous t\u00e9l\u00e9chargez ou publiez sur le Site<\/li>\n<li>Les renseignements personnels que vous fournissez dans le cadre de notre programme de r\u00e9compenses et d&#8217;autres promotions qui se d\u00e9roulent sur le site<\/li>\n<li>Les informations personnelles que vous nous fournissez lorsqu&#8217;un probl\u00e8me est notifi\u00e9 sur notre site ou lorsque nous fournissons un service client.<\/li>\n<li>Les renseignements personnelles que vous nous fournissez lorsque vous communiquez avec nous par t\u00e9l\u00e9phone, par e-mail ou autrement.<\/li>\n<\/ul>\n<p><strong>\u00a0<\/strong><\/p>\n<p><strong>Informations sur les sites de r\u00e9seaux sociaux.<\/strong><\/p>\n<p>Notre site comprend des interfaces qui vous permettent de vous connecter avec des sites de r\u00e9seaux social (chacun un \u00abSNS\u00bb). Si vous vous connectez \u00e0 un SNS via notre site, vous nous autorisez \u00e0 acc\u00e9der, utiliser et stocker les informations que vous avez accept\u00e9es que le SNS pourrait nous fournir en fonction de la configuration de ce SNS. Nous acc\u00e8derons, utiliserons et stockerons ces informations conform\u00e9ment \u00e0 cette politique. Vous pouvez \u00e0 tout moment r\u00e9voquer notre acc\u00e8s aux informations que vous fournissez de cette mani\u00e8re en modifiant les param\u00e8tres appropri\u00e9s dans les param\u00e8tres de votre compte dans le SNS applicable.<\/p>\n<p><strong>Les informations recueillies automatiquement.<\/strong><\/p>\n<p>Nous enregistrons automatiquement des informations sur vous et votre ordinateur ou votre appareil mobile lorsque vous acc\u00e9dez \u00e0 notre site. Par exemple, lorsque vous visitez notre site, nous enregistrons le nom de votre ordinateur ou appareil mobile du syst\u00e8me d&#8217;exploitation et de la version, le fabricant et le mod\u00e8le, le type de navigateur, la langue du navigateur, la r\u00e9solution de l&#8217;\u00e9cran, le site que vous avez visit\u00e9. Les pages que vous avez vues, le temps que vous avez pass\u00e9 sur une page, les temps d&#8217;acc\u00e8s et les informations sur votre utilisation et vos actions sur notre site. Nous collectons ces informations sur l&#8217;utilisation des cookies.<\/p>\n<p>Nous n&#8217;utilisons pas vos donn\u00e9es personnelles \u00e0 des fins de prise de d\u00e9cision automatis\u00e9e. N\u00e9anmoins, nous pouvons le faire afin de remplir les obligations impos\u00e9es par la loi, auquel cas vous serez inform\u00e9 de tout traitement et vous aurez l&#8217;occasion de vous opposer.<\/p>\n<p>3 &#8211; L&#8217;utilisation des donn\u00e9es personnelles<\/p>\n<p>Nous pouvons utiliser vos informations personnelles de la mani\u00e8re suivante:<\/p>\n<ul>\n<li>Pour exploiter, entretenir et am\u00e9liorer notre site, nos produits et nos services.<\/li>\n<li>Pour g\u00e9rer votre compte, y compris pour communiquer avec vous concernant votre compte, si vous avez un compte sur notre site.<\/li>\n<li>Pour exploiter et administrer notre programme de r\u00e9compenses et d&#8217;autres promotions que vous participez \u00e0 notre site<\/li>\n<li>Pour r\u00e9pondre \u00e0 vos commentaires et questions et pour fournir un service client.<\/li>\n<li>Pour envoyer des informations comprenant des notes techniques, des mises \u00e0 jour, des alertes de s\u00e9curit\u00e9 et de support et des messages administratifs<\/li>\n<li>Avec votre consentement, pour vous envoyer des courriers de marketing sur les promotions \u00e0 venir et d&#8217;autres nouvelles, y compris des informations sur les produits et services offerts par nous et nos soci\u00e9t\u00e9s affili\u00e9es.<\/li>\n<li>Comme nous le croyons n\u00e9cessaire ou appropri\u00e9 pour se conformer aux lois applicables; (B) pour se conformer aux demandes l\u00e9gales et aux proc\u00e9dures l\u00e9gales, y compris pour r\u00e9pondre aux demandes des autorit\u00e9s publiques et gouvernementales; (C) pour appliquer notre politique; et (d) pour prot\u00e9ger nos droits, notre confidentialit\u00e9, notre s\u00e9curit\u00e9 ou nos biens, et \/ ou ceux de vous ou d&#8217;autres personnes.<\/li>\n<\/ul>\n<p>&nbsp;<\/p>\n<p>Vous pouvez choisir de ne pas recevoir de telles informations \u00e0 tout moment: ces e-mails marketing vous indiquent comment garder en compte, m\u00eame si vous choisissez de ne pas recevoir d&#8217;e-mails marketing, nous pouvons toujours vous envoyer des e-mails non \u00abopt-out\u00bb marketing &#8230; Les e-mails non marketing incluent des e-mails concernant votre compte chez nous (si vous en avez un) et nos relations commerciales avec vous.<\/p>\n<p><strong>4 &#8211; Sites tiers<\/strong><\/p>\n<p>Notre site peut contenir des liens vers des sites Web et des fonctionnalit\u00e9s tiers. Cette politique ne couvre pas les pratiques de confidentialit\u00e9 de ces tiers. Ces tiers ont leurs propres politiques de confidentialit\u00e9 et nous n&#8217;acceptons aucune responsabilit\u00e9 pour leurs sites Web, fonctionnalit\u00e9s ou politiques. Veuillez lire les politiques de confidentialit\u00e9 avant de leur envoyer des informations.<\/p>\n<p><strong>5 &#8211; Contenu g\u00e9n\u00e9r\u00e9 par l&#8217;utilisateur<\/strong><\/p>\n<p>Il est possible de partager des donn\u00e9es personnelles avec nous lors de l&#8217;envoi du contenu g\u00e9n\u00e9r\u00e9 par l&#8217;utilisateur sur notre site, [y compris \u00e0 travers notre programme de r\u00e9compenses, forums, forums et blogs sur notre site]. Veuillez noter que toute information que vous publiez ou divulguez sur notre site deviendra une information publique et sera disponible pour les autres utilisateurs de notre site et pour le grand public. Nous vous invitons \u00e0 \u00eatre tr\u00e8s prudent lorsque vous d\u00e9cidez de r\u00e9v\u00e9ler vos informations personnelles, ou toute autre information, sur notre site. Ces donn\u00e9es personnelles et autres informations ne seront pas priv\u00e9es ou confidentielles une fois qu&#8217;elles seront publi\u00e9es sur notre site.<\/p>\n<p>Si vous nous fournissez des informations, nous pouvons les utiliser et les divulguer sur notre site, [\u00e0 condition que nous n\u2019associions pas ces commentaires \u00e0 vos donn\u00e9es personnelles]. [Si vous avez donn\u00e9 votre consentement, nous pouvons publier votre pr\u00e9nom et votre nom, ainsi que vos commentaires sur notre site.] [Nous collecterons toute information contenue dans ces commentaires et traiterons les donn\u00e9es personnelles conform\u00e9ment \u00e0 cette politique.]<\/p>\n<p><strong>6 &#8211; Transfert international des donn\u00e9es<\/strong><\/p>\n<p>Vos informations, y compris les donn\u00e9es personnelles que nous collectons, peuvent \u00eatre transf\u00e9r\u00e9es, stock\u00e9es et trait\u00e9es par nous \u00e0 l&#8217;ext\u00e9rieur du pays dans lequel vous r\u00e9sidez, o\u00f9 les r\u00e9glementations sur la protection des donn\u00e9es et la confidentialit\u00e9 ne peuvent pas offrir le m\u00eame niveau de protection dans autre partie du monde. En acceptant cette politique, vous acceptez ce transfert, ce stockage ou ce traitement. Nous prendrons toutes les mesures raisonnablement n\u00e9cessaires pour nous assurer que vos donn\u00e9es sont trait\u00e9es en toute s\u00e9curit\u00e9 et conform\u00e9ment \u00e0 la pr\u00e9sente Politique<\/p>\n<p><strong>7 &#8211; S\u00e9curit\u00e9<\/strong><\/p>\n<p>Nous cherchons \u00e0 utiliser des mesures organisationnelles, techniques et administratives raisonnables pour prot\u00e9ger les donn\u00e9es personnelles au sein de notre organisation. Malheureusement, aucun r\u00e9seau de transport ou de stockage ne peut \u00eatre enti\u00e8rement s\u00e9curis\u00e9 et la transmission d&#8217;informations sur Internet n&#8217;est pas totalement s\u00e9curis\u00e9e. Si vous avez des raisons de croire que votre interaction avec nous n&#8217;est plus s\u00e9curis\u00e9e (par exemple, si vous pensez que la s\u00e9curit\u00e9 d&#8217;un compte que vous avez avec nous a \u00e9t\u00e9 compromise), veuillez nous en informer imm\u00e9diatement en nous contactant.<\/p>\n<p><strong>8 \u2013 R\u00e9tention<\/strong><\/p>\n<p>Seules vos donn\u00e9es personnelles seront conserv\u00e9es avec [INS\u00c9RER p\u00e9riode de r\u00e9tention \/ p\u00e9riode de conservation ESTIM\u00c9E et m\u00e9thode utilis\u00e9e pour estimer la p\u00e9riode de r\u00e9tention sauf si une p\u00e9riode de conservation plus longue ou autoris\u00e9e par la loi est requise (par exemple, \u00e0 des fins r\u00e9glementaires).<\/p>\n<p><strong>ou<\/strong><\/p>\n<p>Seules vos informations personnelles seront conserv\u00e9es (\u00e0 condition qu&#8217;il soit raisonnablement n\u00e9cessaire pour vous permettre d&#8217;utiliser le site jusqu&#8217;\u00e0 la fermeture de votre compte \/ annuler votre abonnement) sauf si une p\u00e9riode de stockage plus longue ou autoris\u00e9e par la loi est requise (par exemple, pour de la r\u00e9glementation).<\/p>\n<p><strong>9 &#8211; Notre politique sur les mineurs<\/strong><\/p>\n<p>Notre site est \/ n&#8217;est pas destin\u00e9 aux enfants de moins de 16 ans. Si un parent ou un tuteur r\u00e9alise que son enfant nous a fourni des informations sans son consentement, il ou elle doit nous contacter. Nous supprimerons ces informations de nos fichiers d\u00e8s que cela est raisonnablement possible.<\/p>\n<p><strong>10 &#8211; Vos droits<\/strong><\/p>\n<ul>\n<li>Optez pour non. Vous pouvez nous contacter \u00e0 tout moment pour vous d\u00e9sabonner: (I) des communications de marketing direct; (II) la prise de d\u00e9cision et \/ ou le profilage automatis\u00e9; (III) la collecte de donn\u00e9es personnelles sensibles; (IV) tout nouveau traitement de vos donn\u00e9es personnelles afin que nous puissions mener \u00e0 bien au-del\u00e0 de l&#8217;objectif initial; ou (V) le transfert de vos donn\u00e9es personnelles en dehors de l&#8217;EEE. Sauvegardez que l&#8217;utilisation de n&#8217;importe quelle partie du site peut \u00eatre inefficace dans l&#8217;opt-out.<\/li>\n<li>Il est possible d&#8217;acc\u00e9der \u00e0 tout moment aux informations que nous avons \u00e0 votre sujet \u00e0 travers votre profil \/ compte ou en nous contactant directement.<\/li>\n<li>Vous pouvez \u00e9galement nous contacter pour modifier ou corriger toute inexactitude dans vos donn\u00e9es personnelles.<\/li>\n<li>Supprimer et oublier. Dans certaines situations, par exemple lorsque les informations que nous avons sur vous ne sont plus pertinentes ou incorrectes, vous pouvez demander que nous supprimions vos informations.<\/li>\n<\/ul>\n<p>&nbsp;<\/p>\n<p>Si vous souhaitez exercer l&#8217;un de ces droits, veuillez nous contacter. Dans votre demande, veuillez pr\u00e9ciser: (I) quels renseignements personnels sont r\u00e9f\u00e9r\u00e9s; et (ii) lequel des droits pr\u00e9c\u00e9dents vous souhaitez remplir. Pour votre protection, nous ne pouvons que mettre en pratique les demandes concernant les donn\u00e9es personnelles associ\u00e9es \u00e0 l&#8217;adresse e-mail particuli\u00e8re utilis\u00e9e pour envoyer votre demande, et nous pouvons avoir \u00e0 v\u00e9rifier votre identit\u00e9 avant de mettre en \u0153uvre votre demande. Nous essaierons de r\u00e9pondre \u00e0 votre demande dans les meilleurs d\u00e9lais et, dans tous les cas, dans le mois suivant votre demande. Veuillez noter qu&#8217;il peut \u00eatre n\u00e9cessaire de conserver certaines informations \u00e0 des fins d&#8217;archivage et \/ ou de terminer toute transaction que vous avez commenc\u00e9e avant de demander une telle modification ou suppression.<\/p>\n<p><strong>11 &#8211; Les droits de protection des donn\u00e9es sp\u00e9cifiques aux r\u00e9sidents de l&#8217;Union europ\u00e9enne<\/strong><\/p>\n<p>Si vous r\u00e9sidez dans l&#8217;EEE, vous pouvez vous opposer au traitement des donn\u00e9es personnelles, vous demander de limiter le traitement de vos informations personnelles ou demander la portabilit\u00e9 de vos informations personnelles. Vous pouvez exercer ces droits en faisant une demande par l&#8217;une des m\u00e9thodes d\u00e9crites dans \u00abComment nous contacter\u00bb ci-dessous.<\/p>\n<p>De m\u00eame, si nous avons recueilli vos informations personnelles avec votre consentement, vous pouvez retirer votre consentement \u00e0 tout moment. Votre retrait de consentement n&#8217;affectera pas (1) la l\u00e9galit\u00e9 de tout traitement que vous auriez pu effectuer avant le retrait, ou (2) le traitement de vos informations personnelles en vertu d&#8217;autres bases l\u00e9gales.<\/p>\n<p><strong>12 &#8211; Plaintes<\/strong><\/p>\n<p>Nous nous engageons \u00e0 r\u00e9soudre les plaintes concernant la collecte ou l&#8217;utilisation de vos donn\u00e9es personnelles. Si vous souhaitez d\u00e9poser une plainte concernant cette politique ou nos pratiques en relation avec vos donn\u00e9es personnelles, veuillez nous contacter \u00e0 : \u00e0: <strong>info@llamptech.com<\/strong><\/p>\n<p>Nous r\u00e9pondrons \u00e0 votre r\u00e9clamation d\u00e8s que possible et dans tous les cas, dans les 30 jours.<\/p>\n<p>Nous esp\u00e9rons toutefois que, pour r\u00e9soudre toute plainte de notre part, si vous estimez que votre plainte n&#8217;a pas \u00e9t\u00e9 r\u00e9solue correctement, vous vous r\u00e9servez le droit de contacter l&#8217;autorit\u00e9 locale de contr\u00f4le de la protection des donn\u00e9es.<\/p>\n<p><strong>13 &#8211; <\/strong><strong>Questions et commentaires<\/strong><\/p>\n<p><strong>LLAMPTECH<\/strong> aura le plaisir de r\u00e9pondre \u00e0 des demandes raisonnables de consultation de vos informations personnelles et d&#8217;ajuster, de modifier ou d&#8217;\u00e9liminer toute inexactitude.<\/p>\n<p>Si vous avez des questions ou des commentaires sur la politique de <strong>LLAMPTECH<\/strong><\/p>\n<p>Vous pouvez communiquer avec nous par \u00e9crit \u00e0: <strong>info@llamptech.com<\/strong><\/p>\n","protected":false},"excerpt":{"rendered":"<p>Derni\u00e8re mise \u00e0 jour : Vendredi 23 mai 2018 Politique De Confidentialit\u00e9 \u2013 LLAMPTECH https:\/\/www.llamptech.com Ce  [&#8230;]<\/p>\n","protected":false},"author":1,"featured_media":0,"parent":0,"menu_order":0,"comment_status":"closed","ping_status":"closed","template":"","meta":{"footnotes":""},"class_list":["post-3007","page","type-page","status-publish","hentry"],"_links":{"self":[{"href":"https:\/\/www.llamptech.com\/es\/wp-json\/wp\/v2\/pages\/3007","targetHints":{"allow":["GET"]}}],"collection":[{"href":"https:\/\/www.llamptech.com\/es\/wp-json\/wp\/v2\/pages"}],"about":[{"href":"https:\/\/www.llamptech.com\/es\/wp-json\/wp\/v2\/types\/page"}],"author":[{"embeddable":true,"href":"https:\/\/www.llamptech.com\/es\/wp-json\/wp\/v2\/users\/1"}],"replies":[{"embeddable":true,"href":"https:\/\/www.llamptech.com\/es\/wp-json\/wp\/v2\/comments?post=3007"}],"version-history":[{"count":0,"href":"https:\/\/www.llamptech.com\/es\/wp-json\/wp\/v2\/pages\/3007\/revisions"}],"wp:attachment":[{"href":"https:\/\/www.llamptech.com\/es\/wp-json\/wp\/v2\/media?parent=3007"}],"curies":[{"name":"wp","href":"https:\/\/api.w.org\/{rel}","templated":true}]}}